{"id":48657,"date":"2022-02-16T15:06:31","date_gmt":"2022-02-16T12:06:31","guid":{"rendered":"https:\/\/erlac.gr\/?page_id=48657"},"modified":"2024-12-11T13:13:33","modified_gmt":"2024-12-11T10:13:33","slug":"schetika-me-emas","status":"publish","type":"page","link":"https:\/\/erlac.gr\/sr\/schetika-me-emas\/","title":{"rendered":"O nama"},"content":{"rendered":"\t<div id=\"section_company_1\" class=\"main_wrapper company_pg\">\n\t\t<div id=\"company_row_1\" class=\"parner_row m-auto mw\">\t\t\t\n\t\t\t<div class=\"company_content m-auto\">\n\t\t\t\t<h2>Na\u0161a vizija<\/h2>\n<p>Na\u0161a vizija je da budemo vrhunska\u00a0gr\u010dka kompanija za boje , lakove i za proizvode za farbanje automobila , koja proizvodi visokokvalitetne, inovativne, odr\u017eive proizvode. \u017delimo da budemo cenjeni zbog na\u0161ih eti\u010dkih principa i odgovornog poslovanja koji doprinose odr\u017eivom razvoju i doprinose privredi i dru\u0161tvu u cjelini.<\/p>\n\t\t\t<\/div>\n\t\t<\/div>\n\t<\/div>\n\t<div class=\"company_sep\">\n\t\t<div class=\"line line_1 t m-auto\"><\/div>\n\t<\/div>\n\t<div id=\"section_company_2\" class=\"main_wrapper company_pg\">\n\t\t<div id=\"company_row_2\" class=\"company_row m-auto mw\">\t\t\n\t\t\t<div class=\"fundamental_title\"><h2>Temeljne vrednosti<\/h2><\/div>\n\t\t\t<div class=\"company_content_2\">\n\t\t\t\t<div class='fundamental_wrap'>\n\t\t\t\t\t\t\t\t\t<div class='fcount'>1<\/div>\n\t\t\t\t\t\t\t\t  \t<h2>Odgovorno poslovanje<\/h2>\n<p>Na\u0161a stalna te\u017enja je da sve na\u0161e postupke karakteri\u0161e\u00a0odgovornost i visoka poslovna etika kako bismo odr\u017eali poverenje na\u0161ih kupaca i svih na\u0161ih partnera. Budu\u0107i da verujemo da je najvredniji temelj svake firme njena reputacija, pouzdanost, etika i integritet, uvek sprovodimo svoje odluke i dr\u017eimo se svojih\u00a0obaveza.<\/p>\n\n\t\t\t\t\t\t\t\t  <\/div><div class='fundamental_wrap'>\n\t\t\t\t\t\t\t\t\t<div class='fcount'>2<\/div>\n\t\t\t\t\t\t\t\t  \t<h3>Stalni cilj je aposolutno zadovoljavanje kupaca<\/h3>\n<p>Koristimo napredak nauke i tehnologije stalnim razvojem novih, inovativnih, visokokvalitetnih proizvoda koji su prijateljski za korisnike i za okolinu. Pratimo, razumemo i odgovaramo na potrebe potro\u0161a\u010da koje se stalno menjaju. Sa na\u0161im partnerima gradimo dugoro\u010dne konstruktivne odnose zasnovane na me\u0111usobnom poverenju.<\/p>\n\n\t\t\t\t\t\t\t\t  <\/div><div class='fundamental_wrap'>\n\t\t\t\t\t\t\t\t\t<div class='fcount'>3<\/div>\n\t\t\t\t\t\t\t\t  \t<h3>Odnos odgovornosti za okolinu<\/h3>\n<p>Na\u0161 cilj je da u\u010dinimo najvi\u0161e \u0161to je mogu\u0107e\u00a0za na\u0161e kupce uz \u0161to manje tro\u0161enje\u00a0resursa i\u00a0energije. Negativne uticaej na okolinu\u00a0smanjujemo na najmanju mogu\u0107u meru u svim operacijama od dizajna i proizvodnje na\u0161ih proizvoda i usluga do upotrebe i odlaganja ambala\u017ee od strane kupaca. Svesni smo potrebe i podr\u017eavamo tranziciju u dru\u0161tvo sa smanjenim ugljeni\u010dnim otiskom.<\/p>\n\n\t\t\t\t\t\t\t\t  <\/div><div class='fundamental_wrap'>\n\t\t\t\t\t\t\t\t\t<div class='fcount'>4<\/div>\n\t\t\t\t\t\t\t\t  \t<h3>Odnos odgovornosti sa zajednicom<\/h3>\n<p>Koriste\u0107i tehnologiju i razvijaju\u0107i inovativne proizvode, podr\u017eavamo gr\u010dku ekonomiju i izvoz zemlje i doprinosimo odr\u017eivom razvoju dru\u0161tva. Svi mi u ER-LAC sna\u017eno podr\u017eavamo inicijative lokalnih zajednica, agencija i institucija da ostvaruju \u00a0svoje programe.<\/p>\n\n\t\t\t\t\t\t\t\t  <\/div>\t\t\t<\/div>\n\t\t<\/div>\n\t<\/div>\n\t<div class=\"company_sep company_sep_2\">\n\t\t<div class=\"line line_2 t m-auto\"><\/div>\n\t<\/div>\n\t<div id=\"section_company_3\" class=\"main_wrapper company_pg\">\n\t\t<div id=\"company_row_3\" class=\"company_row m-auto mw\">\t\t\t\n\t\t\t<div class=\"company_content_3\">\n\t\t\t\t<h2 style=\"text-align: center;\">Na\u0161a istorija<\/h2>\n<p style=\"text-align: center;\">ER-LAC je zavr\u0161io 55 godina kreativnog i veoma uspe\u0161nog prisustva u proizvodnji i distribuciji boja, lakova i proizvoda za prefarbavanje automobile i to na gr\u010dkom i na svetskom tr\u017ei\u0161tu.<\/p>\n<p style=\"text-align: center;\">Svih ovih godina razvijao \u00a0se\u00a0brzim tempom, dobro\u00a0prou\u010denim i postojanim koracima, razumevaju\u0107i potrebe koje se stalno menjaju, blagovremeno koriste\u0107i i pravilno primenjuju\u0107i razvoj i rezultate nauke i tehnologije<\/p>\n\t\t\t<\/div>\n\t\t\t<div class=\"company_content_4\">\n\t\t\t\t<div class=\"timeline-main-wrapper\">\n\t\t\t\t\t<div class=\"timeline-arrows\"><\/div>\n\t\t\t\t\t<div class=\"slider slider-nav\">\n\t\t\t\t\t\t<div class='date-wrapper'>\n\t\t\t\t\t\t\t  <h3>1965<\/h3>\n\t\t\t\t\t\t\t  <div class='bullet'>\n\t\t\t\t\t\t\t\t<div class='bullet-inner'><\/div>\n\t\t\t\t\t\t\t  <\/div>\t\t\t\t\t\t  \n\t\t\t\t\t\t\t<\/div><div class='date-wrapper'>\n\t\t\t\t\t\t\t  <h3>1970<\/h3>\n\t\t\t\t\t\t\t  <div class='bullet'>\n\t\t\t\t\t\t\t\t<div class='bullet-inner'><\/div>\n\t\t\t\t\t\t\t  <\/div>\t\t\t\t\t\t  \n\t\t\t\t\t\t\t<\/div><div class='date-wrapper'>\n\t\t\t\t\t\t\t  <h3>1974<\/h3>\n\t\t\t\t\t\t\t  <div class='bullet'>\n\t\t\t\t\t\t\t\t<div class='bullet-inner'><\/div>\n\t\t\t\t\t\t\t  <\/div>\t\t\t\t\t\t  \n\t\t\t\t\t\t\t<\/div><div class='date-wrapper'>\n\t\t\t\t\t\t\t  <h3>1976<\/h3>\n\t\t\t\t\t\t\t  <div class='bullet'>\n\t\t\t\t\t\t\t\t<div class='bullet-inner'><\/div>\n\t\t\t\t\t\t\t  <\/div>\t\t\t\t\t\t  \n\t\t\t\t\t\t\t<\/div><div class='date-wrapper'>\n\t\t\t\t\t\t\t  <h3>1982<\/h3>\n\t\t\t\t\t\t\t  <div class='bullet'>\n\t\t\t\t\t\t\t\t<div class='bullet-inner'><\/div>\n\t\t\t\t\t\t\t  <\/div>\t\t\t\t\t\t  \n\t\t\t\t\t\t\t<\/div><div class='date-wrapper'>\n\t\t\t\t\t\t\t  <h3>2010<\/h3>\n\t\t\t\t\t\t\t  <div class='bullet'>\n\t\t\t\t\t\t\t\t<div class='bullet-inner'><\/div>\n\t\t\t\t\t\t\t  <\/div>\t\t\t\t\t\t  \n\t\t\t\t\t\t\t<\/div><div class='date-wrapper'>\n\t\t\t\t\t\t\t  <h3><\/h3>\n\t\t\t\t\t\t\t  <div class='bullet'>\n\t\t\t\t\t\t\t\t<div class='bullet-inner'><\/div>\n\t\t\t\t\t\t\t  <\/div>\t\t\t\t\t\t  \n\t\t\t\t\t\t\t<\/div>\t\t\t\t\t<\/div>\n\t\t\t\t<\/div>\n\t\t\t\t<div class=\"history_slider_wrapper\">\n\t\t\t\t\t<div class=\"history_slider_col hc1\">\n\t\t\t\t\t\t<div class=\"hs_bg_img\" style=\"background-image:url(https:\/\/erlac.gr\/wp-content\/uploads\/2023\/06\/1965-erlac.jpeg);\">\n\t\t\t\t\t\t\t\n\t\t\t\t\t\t<\/div>\n\t\t\t\t\t<\/div>\n\t\t\t\t\t<div class=\"history_slider_col hc2\">\n\t\t\t\t\t\t<div class=\"slide_timeline_arrows\"><\/div>\n\t\t\t\t\t\t<div class=\"slider slider-for\">\n\t\t\t\t\t\t\t<div class='timeline-wrapper' data-img='https:\/\/erlac.gr\/wp-content\/uploads\/2023\/06\/1965-erlac.jpeg'>\n\t\t\t\t\t\t\t\t  <div class='timeline-row'>\t\t\t\t\t\t\t\t\t\n\t\t\t\t\t\t\t\t\t<div class='tcol'>\n\t\t\t\t\t\t\t\t\t  <h2>1965<\/h2>\n\t\t\t\t\t\t\t\t\t  <p>ER-LAC je osnovao Georgios D. Koutlis, sa sedi\u0161tem u Larisi, s ciljem proizvodnje lakova za name\u0161taj ilakova za parket. Visok kvalitet proizvoda, posebno lakova za parket \u00a0odmah je postao poznat \u0161irom Gr\u010dke, tako da u vrlo kratkom roku postoje\u0107i proizvodni kapaciteti nisu bili dovoljni da pokriju potra\u017enju.<\/p>\n\n\t\t\t\t\t\t\t\t\t<\/div>\n\t\t\t\t\t\t\t\t  <\/div>\n\t\t\t\t\t\t\t\t<\/div><div class='timeline-wrapper' data-img='https:\/\/erlac.gr\/wp-content\/uploads\/2022\/12\/1970.png'>\n\t\t\t\t\t\t\t\t  <div class='timeline-row'>\t\t\t\t\t\t\t\t\t\n\t\t\t\t\t\t\t\t\t<div class='tcol'>\n\t\t\t\t\t\t\t\t\t  <h2>1970<\/h2>\n\t\t\t\t\t\t\t\t\t  <p>Proizvodnja i sedi\u0161te firme su \u00a0preba\u010deni u nove pogone u Nea Kifisja \u2013 Atina<\/p>\n\n\t\t\t\t\t\t\t\t\t<\/div>\n\t\t\t\t\t\t\t\t  <\/div>\n\t\t\t\t\t\t\t\t<\/div><div class='timeline-wrapper' data-img='https:\/\/erlac.gr\/wp-content\/uploads\/2022\/12\/1974-min.png'>\n\t\t\t\t\t\t\t\t  <div class='timeline-row'>\t\t\t\t\t\t\t\t\t\n\t\t\t\t\t\t\t\t\t<div class='tcol'>\n\t\t\t\t\t\t\t\t\t  <h2>1974<\/h2>\n\t\t\t\t\t\t\t\t\t  <p>Sve ve\u0107a potra\u017enja dovodi do izgradnje fabrike na 34. kilometru nacionalnog puta Atina-Lamia u koju se prenose sve aktivnosti kompanije.<\/p>\n\n\t\t\t\t\t\t\t\t\t<\/div>\n\t\t\t\t\t\t\t\t  <\/div>\n\t\t\t\t\t\t\t\t<\/div><div class='timeline-wrapper' data-img='https:\/\/erlac.gr\/wp-content\/uploads\/2022\/12\/1976.png'>\n\t\t\t\t\t\t\t\t  <div class='timeline-row'>\t\t\t\t\t\t\t\t\t\n\t\t\t\t\t\t\t\t\t<div class='tcol'>\n\t\t\t\t\t\t\t\t\t  <h2>1976<\/h2>\n\t\t\t\t\t\t\t\t\t  <p>U istom prostoru gradi se i radi Fabrika za proizvodnju sinteti\u010dkih smola . U svojim potpuno automatizovanim najsavremenijim pogonima proizvode se sinteti\u010dke smole koje su glavna komponenta lakova i boja i njihova proizvodnja se uglavnom koristi za potrebe ER-LAC-a.<\/p>\n\n\t\t\t\t\t\t\t\t\t<\/div>\n\t\t\t\t\t\t\t\t  <\/div>\n\t\t\t\t\t\t\t\t<\/div><div class='timeline-wrapper' data-img='https:\/\/erlac.gr\/wp-content\/uploads\/2022\/12\/1982.png'>\n\t\t\t\t\t\t\t\t  <div class='timeline-row'>\t\t\t\t\t\t\t\t\t\n\t\t\t\t\t\t\t\t\t<div class='tcol'>\n\t\t\t\t\t\t\t\t\t  <h2>1982<\/h2>\n\t\t\t\t\t\t\t\t\t  <p>ER-LAC, koji je do tada bio poznat kao industrija lakova i sinteti\u010dkih smola i sa glavnom \u00a0reputacijom vrlo dobrog kvaliteta svojih lakova kao klju\u010dnog pokreta\u010da rasta, dinami\u010dno ulazi u proizvodnju i distribuciju gra\u0111evinskih i industrijskih boja.<\/p>\n<p>Nekoliko godina kasnije on preuzima vo\u0111stvo na tr\u017ei\u0161tu i to radikalnom promenom na\u010dina na koji se boje prodaju u Gr\u010dkoj postavljaju\u0107i prve ma\u0161ine za toniranje \u00a0u prodavnice nude\u0107i neograni\u010den broj nijansi, metod koju su kasnije usvojile sve tradicionalne fabrike boja.<\/p>\n\n\t\t\t\t\t\t\t\t\t<\/div>\n\t\t\t\t\t\t\t\t  <\/div>\n\t\t\t\t\t\t\t\t<\/div><div class='timeline-wrapper' data-img='https:\/\/erlac.gr\/wp-content\/uploads\/2022\/12\/2010.png'>\n\t\t\t\t\t\t\t\t  <div class='timeline-row'>\t\t\t\t\t\t\t\t\t\n\t\t\t\t\t\t\t\t\t<div class='tcol'>\n\t\t\t\t\t\t\t\t\t  <h2>2010<\/h2>\n\t\t\t\t\t\t\t\t\t  <p>Tokom protekle decenije ER-LAC je aktivan jednoj oblasti visoke tehnologije i izrazite \u00a0konkurentnosti gde je razvio je punu liniju proizvoda za prefarbavanje automobila. Ovi proizvodi su posebno dobro prihva\u0107eni od strane profesionalaca u ovoj profesiji i sa izrazitim uspehom konkuri\u0161u najve\u0107im proizvodnim kompanijama na me\u0111unarodnom nivou.<\/p>\n\n\t\t\t\t\t\t\t\t\t<\/div>\n\t\t\t\t\t\t\t\t  <\/div>\n\t\t\t\t\t\t\t\t<\/div><div class='timeline-wrapper' data-img='https:\/\/erlac.gr\/wp-content\/uploads\/2023\/06\/erlac-2023.jpeg'>\n\t\t\t\t\t\t\t\t  <div class='timeline-row'>\t\t\t\t\t\t\t\t\t\n\t\t\t\t\t\t\t\t\t<div class='tcol'>\n\t\t\t\t\t\t\t\t\t  <h2><\/h2>\n\t\t\t\t\t\t\t\t\t  <p>Danas ER-LAC, sa automatizovanim proizvodnim procesom, naprednom tehnologijom, modernom i efikasnom distributivnom mre\u017eom, iskusnim i visoko obu\u010denim nau\u010dnim i tehni\u010dkim osobljem, dominira gr\u010dkim tr\u017ei\u0161tem nude\u0107i najve\u0107i izbor proizvoda, koji pokrivaju \u010ditav niz primena u gra\u0111evinarstvu ,\u00a0proizvodnji \u00a0namje\u0161taja, industrije i prefarbavanju \u00a0automobila a\u00a0izvozi svoje proizvode u vi\u0161e od 30 zemalja.<\/p>\n\n\t\t\t\t\t\t\t\t\t<\/div>\n\t\t\t\t\t\t\t\t  <\/div>\n\t\t\t\t\t\t\t\t<\/div>\t\t\t\t\t\t<\/div>\n\t\t\t\t\t<\/div>\n\t\t\t\t<\/div>\n\t\t\t\t\n\t\t\t<\/div>\n\t\t<\/div>\n\t<\/div>\n\t\n","protected":false},"excerpt":{"rendered":"","protected":false},"author":1,"featured_media":47828,"parent":0,"menu_order":0,"comment_status":"closed","ping_status":"closed","template":"","meta":{"_acf_changed":false,"footnotes":""},"class_list":["post-48657","page","type-page","status-publish","has-post-thumbnail","hentry"],"acf":[],"yoast_head":"<!-- This site is optimized with the Yoast SEO plugin v26.4 - https:\/\/yoast.com\/wordpress\/plugins\/seo\/ -->\n<title>O nama - \u0392\u03b5\u03c1\u03bd\u03af\u03ba\u03b9\u03b1 &amp; \u03a7\u03c1\u03ce\u03bc\u03b1\u03c4\u03b1<\/title>\n<meta name=\"robots\" content=\"index, follow, max-snippet:-1, max-image-preview:large, max-video-preview:-1\" \/>\n<link rel=\"canonical\" href=\"https:\/\/erlac.gr\/sr\/schetika-me-emas\/\" \/>\n<meta property=\"og:locale\" content=\"sr_RS\" \/>\n<meta property=\"og:type\" content=\"article\" \/>\n<meta property=\"og:title\" content=\"O nama - \u0392\u03b5\u03c1\u03bd\u03af\u03ba\u03b9\u03b1 &amp; \u03a7\u03c1\u03ce\u03bc\u03b1\u03c4\u03b1\" \/>\n<meta property=\"og:url\" content=\"https:\/\/erlac.gr\/sr\/schetika-me-emas\/\" \/>\n<meta property=\"og:site_name\" content=\"\u0392\u03b5\u03c1\u03bd\u03af\u03ba\u03b9\u03b1 &amp; \u03a7\u03c1\u03ce\u03bc\u03b1\u03c4\u03b1\" \/>\n<meta property=\"article:modified_time\" content=\"2024-12-11T10:13:33+00:00\" \/>\n<meta property=\"og:image\" content=\"https:\/\/erlac.gr\/wp-content\/uploads\/2022\/03\/about_us_banner.jpg\" \/>\n\t<meta property=\"og:image:width\" content=\"1920\" \/>\n\t<meta property=\"og:image:height\" content=\"443\" \/>\n\t<meta property=\"og:image:type\" content=\"image\/jpeg\" \/>\n<meta name=\"twitter:card\" content=\"summary_large_image\" \/>\n<meta name=\"twitter:label1\" content=\"\u041f\u0440\u043e\u0446\u0435\u045a\u0435\u043d\u043e \u0432\u0440\u0435\u043c\u0435 \u0447\u0438\u0442\u0430\u045a\u0430\" \/>\n\t<meta name=\"twitter:data1\" content=\"1 \u043c\u0438\u043d\u0443\u0442\" \/>\n<script type=\"application\/ld+json\" class=\"yoast-schema-graph\">{\"@context\":\"https:\/\/schema.org\",\"@graph\":[{\"@type\":\"WebPage\",\"@id\":\"https:\/\/erlac.gr\/sr\/schetika-me-emas\/\",\"url\":\"https:\/\/erlac.gr\/sr\/schetika-me-emas\/\",\"name\":\"O nama - \u0392\u03b5\u03c1\u03bd\u03af\u03ba\u03b9\u03b1 &amp; \u03a7\u03c1\u03ce\u03bc\u03b1\u03c4\u03b1\",\"isPartOf\":{\"@id\":\"https:\/\/erlac.gr\/sr\/#website\"},\"primaryImageOfPage\":{\"@id\":\"https:\/\/erlac.gr\/sr\/schetika-me-emas\/#primaryimage\"},\"image\":{\"@id\":\"https:\/\/erlac.gr\/sr\/schetika-me-emas\/#primaryimage\"},\"thumbnailUrl\":\"https:\/\/erlac.gr\/wp-content\/uploads\/2022\/03\/about_us_banner.jpg\",\"datePublished\":\"2022-02-16T12:06:31+00:00\",\"dateModified\":\"2024-12-11T10:13:33+00:00\",\"breadcrumb\":{\"@id\":\"https:\/\/erlac.gr\/sr\/schetika-me-emas\/#breadcrumb\"},\"inLanguage\":\"sr-RS\",\"potentialAction\":[{\"@type\":\"ReadAction\",\"target\":[\"https:\/\/erlac.gr\/sr\/schetika-me-emas\/\"]}]},{\"@type\":\"ImageObject\",\"inLanguage\":\"sr-RS\",\"@id\":\"https:\/\/erlac.gr\/sr\/schetika-me-emas\/#primaryimage\",\"url\":\"https:\/\/erlac.gr\/wp-content\/uploads\/2022\/03\/about_us_banner.jpg\",\"contentUrl\":\"https:\/\/erlac.gr\/wp-content\/uploads\/2022\/03\/about_us_banner.jpg\",\"width\":1920,\"height\":443},{\"@type\":\"BreadcrumbList\",\"@id\":\"https:\/\/erlac.gr\/sr\/schetika-me-emas\/#breadcrumb\",\"itemListElement\":[{\"@type\":\"ListItem\",\"position\":1,\"name\":\"PO\u010cETNA\",\"item\":\"https:\/\/erlac.gr\/sr\/\"},{\"@type\":\"ListItem\",\"position\":2,\"name\":\"O nama\"}]},{\"@type\":\"WebSite\",\"@id\":\"https:\/\/erlac.gr\/sr\/#website\",\"url\":\"https:\/\/erlac.gr\/sr\/\",\"name\":\"\u0392\u03b5\u03c1\u03bd\u03af\u03ba\u03b9\u03b1 & \u03a7\u03c1\u03ce\u03bc\u03b1\u03c4\u03b1\",\"description\":\"ER-LAC \u0393.\u0394 \u039a\u039f\u03a5\u03a4\u039b\u0397\u03a3 \u0391\u0392\u0395\u0395\",\"publisher\":{\"@id\":\"https:\/\/erlac.gr\/sr\/#organization\"},\"potentialAction\":[{\"@type\":\"SearchAction\",\"target\":{\"@type\":\"EntryPoint\",\"urlTemplate\":\"https:\/\/erlac.gr\/sr\/?s={search_term_string}\"},\"query-input\":{\"@type\":\"PropertyValueSpecification\",\"valueRequired\":true,\"valueName\":\"search_term_string\"}}],\"inLanguage\":\"sr-RS\"},{\"@type\":\"Organization\",\"@id\":\"https:\/\/erlac.gr\/sr\/#organization\",\"name\":\"\u0392\u03b5\u03c1\u03bd\u03af\u03ba\u03b9\u03b1 & \u03a7\u03c1\u03ce\u03bc\u03b1\u03c4\u03b1\",\"url\":\"https:\/\/erlac.gr\/sr\/\",\"logo\":{\"@type\":\"ImageObject\",\"inLanguage\":\"sr-RS\",\"@id\":\"https:\/\/erlac.gr\/sr\/#\/schema\/logo\/image\/\",\"url\":\"https:\/\/erlac.gr\/wp-content\/uploads\/2022\/01\/logo@2x.png\",\"contentUrl\":\"https:\/\/erlac.gr\/wp-content\/uploads\/2022\/01\/logo@2x.png\",\"width\":337,\"height\":176,\"caption\":\"\u0392\u03b5\u03c1\u03bd\u03af\u03ba\u03b9\u03b1 & \u03a7\u03c1\u03ce\u03bc\u03b1\u03c4\u03b1\"},\"image\":{\"@id\":\"https:\/\/erlac.gr\/sr\/#\/schema\/logo\/image\/\"}}]}<\/script>\n<!-- \/ Yoast SEO plugin. -->","yoast_head_json":{"title":"O nama - \u0392\u03b5\u03c1\u03bd\u03af\u03ba\u03b9\u03b1 &amp; \u03a7\u03c1\u03ce\u03bc\u03b1\u03c4\u03b1","robots":{"index":"index","follow":"follow","max-snippet":"max-snippet:-1","max-image-preview":"max-image-preview:large","max-video-preview":"max-video-preview:-1"},"canonical":"https:\/\/erlac.gr\/sr\/schetika-me-emas\/","og_locale":"sr_RS","og_type":"article","og_title":"O nama - \u0392\u03b5\u03c1\u03bd\u03af\u03ba\u03b9\u03b1 &amp; \u03a7\u03c1\u03ce\u03bc\u03b1\u03c4\u03b1","og_url":"https:\/\/erlac.gr\/sr\/schetika-me-emas\/","og_site_name":"\u0392\u03b5\u03c1\u03bd\u03af\u03ba\u03b9\u03b1 &amp; \u03a7\u03c1\u03ce\u03bc\u03b1\u03c4\u03b1","article_modified_time":"2024-12-11T10:13:33+00:00","og_image":[{"width":1920,"height":443,"url":"https:\/\/erlac.gr\/wp-content\/uploads\/2022\/03\/about_us_banner.jpg","type":"image\/jpeg"}],"twitter_card":"summary_large_image","twitter_misc":{"\u041f\u0440\u043e\u0446\u0435\u045a\u0435\u043d\u043e \u0432\u0440\u0435\u043c\u0435 \u0447\u0438\u0442\u0430\u045a\u0430":"1 \u043c\u0438\u043d\u0443\u0442"},"schema":{"@context":"https:\/\/schema.org","@graph":[{"@type":"WebPage","@id":"https:\/\/erlac.gr\/sr\/schetika-me-emas\/","url":"https:\/\/erlac.gr\/sr\/schetika-me-emas\/","name":"O nama - \u0392\u03b5\u03c1\u03bd\u03af\u03ba\u03b9\u03b1 &amp; \u03a7\u03c1\u03ce\u03bc\u03b1\u03c4\u03b1","isPartOf":{"@id":"https:\/\/erlac.gr\/sr\/#website"},"primaryImageOfPage":{"@id":"https:\/\/erlac.gr\/sr\/schetika-me-emas\/#primaryimage"},"image":{"@id":"https:\/\/erlac.gr\/sr\/schetika-me-emas\/#primaryimage"},"thumbnailUrl":"https:\/\/erlac.gr\/wp-content\/uploads\/2022\/03\/about_us_banner.jpg","datePublished":"2022-02-16T12:06:31+00:00","dateModified":"2024-12-11T10:13:33+00:00","breadcrumb":{"@id":"https:\/\/erlac.gr\/sr\/schetika-me-emas\/#breadcrumb"},"inLanguage":"sr-RS","potentialAction":[{"@type":"ReadAction","target":["https:\/\/erlac.gr\/sr\/schetika-me-emas\/"]}]},{"@type":"ImageObject","inLanguage":"sr-RS","@id":"https:\/\/erlac.gr\/sr\/schetika-me-emas\/#primaryimage","url":"https:\/\/erlac.gr\/wp-content\/uploads\/2022\/03\/about_us_banner.jpg","contentUrl":"https:\/\/erlac.gr\/wp-content\/uploads\/2022\/03\/about_us_banner.jpg","width":1920,"height":443},{"@type":"BreadcrumbList","@id":"https:\/\/erlac.gr\/sr\/schetika-me-emas\/#breadcrumb","itemListElement":[{"@type":"ListItem","position":1,"name":"PO\u010cETNA","item":"https:\/\/erlac.gr\/sr\/"},{"@type":"ListItem","position":2,"name":"O nama"}]},{"@type":"WebSite","@id":"https:\/\/erlac.gr\/sr\/#website","url":"https:\/\/erlac.gr\/sr\/","name":"\u0392\u03b5\u03c1\u03bd\u03af\u03ba\u03b9\u03b1 & \u03a7\u03c1\u03ce\u03bc\u03b1\u03c4\u03b1","description":"ER-LAC \u0393.\u0394 \u039a\u039f\u03a5\u03a4\u039b\u0397\u03a3 \u0391\u0392\u0395\u0395","publisher":{"@id":"https:\/\/erlac.gr\/sr\/#organization"},"potentialAction":[{"@type":"SearchAction","target":{"@type":"EntryPoint","urlTemplate":"https:\/\/erlac.gr\/sr\/?s={search_term_string}"},"query-input":{"@type":"PropertyValueSpecification","valueRequired":true,"valueName":"search_term_string"}}],"inLanguage":"sr-RS"},{"@type":"Organization","@id":"https:\/\/erlac.gr\/sr\/#organization","name":"\u0392\u03b5\u03c1\u03bd\u03af\u03ba\u03b9\u03b1 & \u03a7\u03c1\u03ce\u03bc\u03b1\u03c4\u03b1","url":"https:\/\/erlac.gr\/sr\/","logo":{"@type":"ImageObject","inLanguage":"sr-RS","@id":"https:\/\/erlac.gr\/sr\/#\/schema\/logo\/image\/","url":"https:\/\/erlac.gr\/wp-content\/uploads\/2022\/01\/logo@2x.png","contentUrl":"https:\/\/erlac.gr\/wp-content\/uploads\/2022\/01\/logo@2x.png","width":337,"height":176,"caption":"\u0392\u03b5\u03c1\u03bd\u03af\u03ba\u03b9\u03b1 & \u03a7\u03c1\u03ce\u03bc\u03b1\u03c4\u03b1"},"image":{"@id":"https:\/\/erlac.gr\/sr\/#\/schema\/logo\/image\/"}}]}},"_links":{"self":[{"href":"https:\/\/erlac.gr\/sr\/wp-json\/wp\/v2\/pages\/48657","targetHints":{"allow":["GET"]}}],"collection":[{"href":"https:\/\/erlac.gr\/sr\/wp-json\/wp\/v2\/pages"}],"about":[{"href":"https:\/\/erlac.gr\/sr\/wp-json\/wp\/v2\/types\/page"}],"author":[{"embeddable":true,"href":"https:\/\/erlac.gr\/sr\/wp-json\/wp\/v2\/users\/1"}],"replies":[{"embeddable":true,"href":"https:\/\/erlac.gr\/sr\/wp-json\/wp\/v2\/comments?post=48657"}],"version-history":[{"count":5,"href":"https:\/\/erlac.gr\/sr\/wp-json\/wp\/v2\/pages\/48657\/revisions"}],"predecessor-version":[{"id":49193,"href":"https:\/\/erlac.gr\/sr\/wp-json\/wp\/v2\/pages\/48657\/revisions\/49193"}],"wp:featuredmedia":[{"embeddable":true,"href":"https:\/\/erlac.gr\/sr\/wp-json\/wp\/v2\/media\/47828"}],"wp:attachment":[{"href":"https:\/\/erlac.gr\/sr\/wp-json\/wp\/v2\/media?parent=48657"}],"curies":[{"name":"wp","href":"https:\/\/api.w.org\/{rel}","templated":true}]}}