{"id":48653,"date":"2022-02-14T18:25:24","date_gmt":"2022-02-14T15:25:24","guid":{"rendered":"https:\/\/erlac.gr\/?page_id=48653"},"modified":"2024-01-15T12:56:13","modified_gmt":"2024-01-15T09:56:13","slug":"sustainable-development","status":"publish","type":"page","link":"https:\/\/erlac.gr\/sr\/sustainable-development\/","title":{"rendered":"Okru\u017eenje odr\u017eivog razvoja"},"content":{"rendered":"<p>ER-LAC vjeruje da se industrijski razvoj, kao i svaka poslovna aktivnost, mora fokusirati na dobrobit ljudi i stoga po\u0161tovati i \u0161tititi \u017eivotnu sredinu u kojoj \u017eivimo. Za na\u0161u kompaniju, to je opredjeljenje da pru\u017eimo proizvode visokog kvaliteta koji s jedne strane ispunjavaju o\u010dekivanja i najzahtevnijih korisnika, a sa druge strane , da doprinose odr\u017eivom razvoju. Poslednjih godina ER-LAC je izvr\u0161io zna\u010dajna ulaganja u modernizaciju i automatizaciju svojih pogona kako bi osigurao odli\u010dan kvalitet svojih proizvoda uz minimalan uticaj na okolinu. Kroz specifi\u010dne programe, kompanija usvaja prakse odr\u017eivog razvoja, smanjenjapotro\u0161nje \u00a0prirodnih resursa, u\u0161tede energije, recikliranja materijala i podizanja svesti zaposlenih i javnosti. U cilju sistematskog sprovo\u0111enja obaveza navedenih u svojoj politici za\u0161tite \u017eivotne sredine, kompanija je usvojila sistem upravljanja za\u0161titom \u017eivotne sredine u skladu sa Evropskom regulativom 2009\/1221\/EK (EMAS) kao i sa me\u0111unarodnim standardom ELOT EN ISO 14001:2004.<\/p>\n<p>Primena novih tehnologija koje su ekolo\u0161ki prihvatljivije, potpuna zamena ili ograni\u010denje upotrebe materijala koji zaga\u0111uju \u017eivotnu sredinu i direktno ili dugoro\u010dno uti\u010du na zdravlje korisnika i ljudi koji \u017eive u podru\u010djima gde se na\u0161i proizvodi primenjuju ,\u00a0 bio je i jeste klju\u010dni cilj na\u0161eg razvojnog puta.<\/p>\n<p><strong>ER-LAC konkretno:<\/strong><\/p>\n<p>Razvija nove proizvode ili unapre\u0111uje postoje\u0107e tako da budu prihvatljiviji za okolinu i korisnika, pobolj\u0161ani su u pogledu potro\u0161nje energije, materijala i prirodnih resursa u svojoj proizvodnji, imaju smanjene emisije \u0161tetnih materija \u00a0i ograni\u010dene rizike u njihovom skladi\u0161tenju i kori\u0161\u0107enju.<\/p>\n<p>Specifi\u010dnim akcijama procenjuje i smanjuje otisak ugljenika iz proizvoda, koji je u direktnoj vezi sa \u00a0koli\u010dinom tzv gasova iz staklenika \u00a0proizvedenih kori\u0161tenjem fosilnih goriva za proizvodnju elektri\u010dne energije, grejanja i transporta, kao i svake druge prerade\/ proces (npr. me\u0161anje sirovina).<\/p>\n<p>Kontinuirano razvija nove ekolo\u0161ke proizvode koji su sertifikovani\u00a0 od strane Visokog Saveta za dodelu ekolo\u0161kog znaka , ispunjavaju sve odgovaraju\u0107e kriterijumeEuropske unije i nose eko oznaku &#8222;margarita&#8220; na etiketi.<\/p>\n<p>Zamenio je toksi\u010dne i \u0161tetne sirovine u recepturama proizvoda drugima koji su prihvatljiviji za okolinu i korisnika.<\/p>\n<p>Na osnovu programa \u201eVoda je zelena\u201c, pored tradicionalnih proizvoda na bazi rastvara\u010da, razvija i analogne na bazi vode sa istim ili \u010dak boljim svojstvima.<\/p>\n<p>Na osnovu programa \u201eRadimo za bolju klimu\u201c \/ \u201cWork for a better climate realizuje proizvodnju i distribuciju energetskih boja koje smanjuju emisiju CO2, doprinose ograni\u010davanju globalnog zagrevanja, suzbijanju efekta toplotnog ostrva i pobolj\u0161anju mikroklime gradova.<\/p>\n<p>Kompanija prepoznaje i ocenjuje sve svoje ekolo\u0161ke aspekte koji se odnose na sve aktivnosti od prijema sirovina do isporu\u010divanja proizvoda a koje se odvijaju u njenim pogonima u normalnim ili vanredni \u00a0sulovima\u00a0 i mogu imati odre\u0111eni uticaj na okolinu. U tom kontekstu, prikuplja i upravlja , \u00a0preko jedinica za recikliranje \u00a0rastvara\u010da i otpadnih voda, \u00a0sa svim otpadom koji nastaje tokom procesa proizvodnje i pranja opreme. Odvaja i reciklira \u010dvrsti otpad (papir, metal, drvo) i sara\u0111uje sa ova\u0161\u0107enim firmama za zbrinjavanje opasnog otpada kako bi se nakon prerade mogao koristiti kao gorivo, materijal ili kao sirovina \u00a0u industriji cementa.<\/p>\n<p>Kompanija u\u010destvuje u sistemu alternativnog kori\u0161\u0107enja i recikla\u017ee ambala\u017ee za proizvode koje proizvodi. Iz tog razloga je ER LAC sklopio ugovor sa EEAA S.A. koja je preuzela implementaciju ovog programa. Kompanija . takodje, \u00a0svake godine dostavlja nadle\u017enim slu\u017ebama GODI\u0160NJI IZVE\u0160TAJ O GENERATORA OTPADA, gde se detaljno evidentiraju sve promene otpada i svi ovla\u0161teni predstavnici za njegovo uklanjanje.<\/p>\n<p>Za pra\u0107enje i kontinuirano unapre\u0111enje programa za\u0161tite \u017eivotne sredine postoje ciljevi i specijalizovani programi, kao i merljivi ciljevi.<\/p>\n<p>\u201eVerifikovana izjava o \u017eivotnoj sredini\u201c koja prikazuje \u00a0sistematske ekolo\u0161ke aktivnosti kompanije i akcije na smanjenju uticaja na \u017eivotnu sredinu direktno ili indirektno vezanih za sve njene aktivnosti, objavljuje se na godi\u0161njem nivou.<\/p>\n","protected":false},"excerpt":{"rendered":"<p>ER-LAC vjeruje da se industrijski razvoj, kao i svaka poslovna aktivnost, mora fokusirati na dobrobit ljudi i stoga po\u0161tovati i \u0161tititi \u017eivotnu sredinu u kojoj \u017eivimo. Za na\u0161u kompaniju, to je opredjeljenje da pru\u017eimo proizvode visokog kvaliteta koji s jedne strane ispunjavaju o\u010dekivanja i najzahtevnijih korisnika, a sa druge strane , da doprinose odr\u017eivom razvoju. [&hellip;]<\/p>\n","protected":false},"author":1,"featured_media":48567,"parent":0,"menu_order":0,"comment_status":"closed","ping_status":"closed","template":"","meta":{"_acf_changed":false,"footnotes":""},"class_list":["post-48653","page","type-page","status-publish","has-post-thumbnail","hentry"],"acf":[],"yoast_head":"<!-- This site is optimized with the Yoast SEO plugin v26.4 - https:\/\/yoast.com\/wordpress\/plugins\/seo\/ -->\n<title>Okru\u017eenje odr\u017eivog razvoja - \u0392\u03b5\u03c1\u03bd\u03af\u03ba\u03b9\u03b1 &amp; \u03a7\u03c1\u03ce\u03bc\u03b1\u03c4\u03b1<\/title>\n<meta name=\"robots\" content=\"index, follow, max-snippet:-1, max-image-preview:large, max-video-preview:-1\" \/>\n<link rel=\"canonical\" href=\"https:\/\/erlac.gr\/sr\/sustainable-development\/\" \/>\n<meta property=\"og:locale\" content=\"sr_RS\" \/>\n<meta property=\"og:type\" content=\"article\" \/>\n<meta property=\"og:title\" content=\"Okru\u017eenje odr\u017eivog razvoja - \u0392\u03b5\u03c1\u03bd\u03af\u03ba\u03b9\u03b1 &amp; \u03a7\u03c1\u03ce\u03bc\u03b1\u03c4\u03b1\" \/>\n<meta property=\"og:description\" content=\"ER-LAC vjeruje da se industrijski razvoj, kao i svaka poslovna aktivnost, mora fokusirati na dobrobit ljudi i stoga po\u0161tovati i \u0161tititi \u017eivotnu sredinu u kojoj \u017eivimo. Za na\u0161u kompaniju, to je opredjeljenje da pru\u017eimo proizvode visokog kvaliteta koji s jedne strane ispunjavaju o\u010dekivanja i najzahtevnijih korisnika, a sa druge strane , da doprinose odr\u017eivom razvoju. [&hellip;]\" \/>\n<meta property=\"og:url\" content=\"https:\/\/erlac.gr\/sr\/sustainable-development\/\" \/>\n<meta property=\"og:site_name\" content=\"\u0392\u03b5\u03c1\u03bd\u03af\u03ba\u03b9\u03b1 &amp; \u03a7\u03c1\u03ce\u03bc\u03b1\u03c4\u03b1\" \/>\n<meta property=\"article:modified_time\" content=\"2024-01-15T09:56:13+00:00\" \/>\n<meta property=\"og:image\" content=\"https:\/\/erlac.gr\/wp-content\/uploads\/2023\/06\/Untitled-1920-\u00d7-443-px.jpg\" \/>\n\t<meta property=\"og:image:width\" content=\"1920\" \/>\n\t<meta property=\"og:image:height\" content=\"443\" \/>\n\t<meta property=\"og:image:type\" content=\"image\/jpeg\" \/>\n<meta name=\"twitter:card\" content=\"summary_large_image\" \/>\n<meta name=\"twitter:label1\" content=\"\u041f\u0440\u043e\u0446\u0435\u045a\u0435\u043d\u043e \u0432\u0440\u0435\u043c\u0435 \u0447\u0438\u0442\u0430\u045a\u0430\" \/>\n\t<meta name=\"twitter:data1\" content=\"2 \u043c\u0438\u043d\u0443\u0442\u0430\" \/>\n<script type=\"application\/ld+json\" class=\"yoast-schema-graph\">{\"@context\":\"https:\/\/schema.org\",\"@graph\":[{\"@type\":\"WebPage\",\"@id\":\"https:\/\/erlac.gr\/sr\/sustainable-development\/\",\"url\":\"https:\/\/erlac.gr\/sr\/sustainable-development\/\",\"name\":\"Okru\u017eenje odr\u017eivog razvoja - \u0392\u03b5\u03c1\u03bd\u03af\u03ba\u03b9\u03b1 &amp; \u03a7\u03c1\u03ce\u03bc\u03b1\u03c4\u03b1\",\"isPartOf\":{\"@id\":\"https:\/\/erlac.gr\/sr\/#website\"},\"primaryImageOfPage\":{\"@id\":\"https:\/\/erlac.gr\/sr\/sustainable-development\/#primaryimage\"},\"image\":{\"@id\":\"https:\/\/erlac.gr\/sr\/sustainable-development\/#primaryimage\"},\"thumbnailUrl\":\"https:\/\/erlac.gr\/wp-content\/uploads\/2023\/06\/Untitled-1920-\u00d7-443-px.jpg\",\"datePublished\":\"2022-02-14T15:25:24+00:00\",\"dateModified\":\"2024-01-15T09:56:13+00:00\",\"breadcrumb\":{\"@id\":\"https:\/\/erlac.gr\/sr\/sustainable-development\/#breadcrumb\"},\"inLanguage\":\"sr-RS\",\"potentialAction\":[{\"@type\":\"ReadAction\",\"target\":[\"https:\/\/erlac.gr\/sr\/sustainable-development\/\"]}]},{\"@type\":\"ImageObject\",\"inLanguage\":\"sr-RS\",\"@id\":\"https:\/\/erlac.gr\/sr\/sustainable-development\/#primaryimage\",\"url\":\"https:\/\/erlac.gr\/wp-content\/uploads\/2023\/06\/Untitled-1920-\u00d7-443-px.jpg\",\"contentUrl\":\"https:\/\/erlac.gr\/wp-content\/uploads\/2023\/06\/Untitled-1920-\u00d7-443-px.jpg\",\"width\":1920,\"height\":443},{\"@type\":\"BreadcrumbList\",\"@id\":\"https:\/\/erlac.gr\/sr\/sustainable-development\/#breadcrumb\",\"itemListElement\":[{\"@type\":\"ListItem\",\"position\":1,\"name\":\"PO\u010cETNA\",\"item\":\"https:\/\/erlac.gr\/sr\/\"},{\"@type\":\"ListItem\",\"position\":2,\"name\":\"Okru\u017eenje odr\u017eivog razvoja\"}]},{\"@type\":\"WebSite\",\"@id\":\"https:\/\/erlac.gr\/sr\/#website\",\"url\":\"https:\/\/erlac.gr\/sr\/\",\"name\":\"\u0392\u03b5\u03c1\u03bd\u03af\u03ba\u03b9\u03b1 & \u03a7\u03c1\u03ce\u03bc\u03b1\u03c4\u03b1\",\"description\":\"ER-LAC \u0393.\u0394 \u039a\u039f\u03a5\u03a4\u039b\u0397\u03a3 \u0391\u0392\u0395\u0395\",\"publisher\":{\"@id\":\"https:\/\/erlac.gr\/sr\/#organization\"},\"potentialAction\":[{\"@type\":\"SearchAction\",\"target\":{\"@type\":\"EntryPoint\",\"urlTemplate\":\"https:\/\/erlac.gr\/sr\/?s={search_term_string}\"},\"query-input\":{\"@type\":\"PropertyValueSpecification\",\"valueRequired\":true,\"valueName\":\"search_term_string\"}}],\"inLanguage\":\"sr-RS\"},{\"@type\":\"Organization\",\"@id\":\"https:\/\/erlac.gr\/sr\/#organization\",\"name\":\"\u0392\u03b5\u03c1\u03bd\u03af\u03ba\u03b9\u03b1 & \u03a7\u03c1\u03ce\u03bc\u03b1\u03c4\u03b1\",\"url\":\"https:\/\/erlac.gr\/sr\/\",\"logo\":{\"@type\":\"ImageObject\",\"inLanguage\":\"sr-RS\",\"@id\":\"https:\/\/erlac.gr\/sr\/#\/schema\/logo\/image\/\",\"url\":\"https:\/\/erlac.gr\/wp-content\/uploads\/2022\/01\/logo@2x.png\",\"contentUrl\":\"https:\/\/erlac.gr\/wp-content\/uploads\/2022\/01\/logo@2x.png\",\"width\":337,\"height\":176,\"caption\":\"\u0392\u03b5\u03c1\u03bd\u03af\u03ba\u03b9\u03b1 & \u03a7\u03c1\u03ce\u03bc\u03b1\u03c4\u03b1\"},\"image\":{\"@id\":\"https:\/\/erlac.gr\/sr\/#\/schema\/logo\/image\/\"}}]}<\/script>\n<!-- \/ Yoast SEO plugin. -->","yoast_head_json":{"title":"Okru\u017eenje odr\u017eivog razvoja - \u0392\u03b5\u03c1\u03bd\u03af\u03ba\u03b9\u03b1 &amp; \u03a7\u03c1\u03ce\u03bc\u03b1\u03c4\u03b1","robots":{"index":"index","follow":"follow","max-snippet":"max-snippet:-1","max-image-preview":"max-image-preview:large","max-video-preview":"max-video-preview:-1"},"canonical":"https:\/\/erlac.gr\/sr\/sustainable-development\/","og_locale":"sr_RS","og_type":"article","og_title":"Okru\u017eenje odr\u017eivog razvoja - \u0392\u03b5\u03c1\u03bd\u03af\u03ba\u03b9\u03b1 &amp; \u03a7\u03c1\u03ce\u03bc\u03b1\u03c4\u03b1","og_description":"ER-LAC vjeruje da se industrijski razvoj, kao i svaka poslovna aktivnost, mora fokusirati na dobrobit ljudi i stoga po\u0161tovati i \u0161tititi \u017eivotnu sredinu u kojoj \u017eivimo. Za na\u0161u kompaniju, to je opredjeljenje da pru\u017eimo proizvode visokog kvaliteta koji s jedne strane ispunjavaju o\u010dekivanja i najzahtevnijih korisnika, a sa druge strane , da doprinose odr\u017eivom razvoju. [&hellip;]","og_url":"https:\/\/erlac.gr\/sr\/sustainable-development\/","og_site_name":"\u0392\u03b5\u03c1\u03bd\u03af\u03ba\u03b9\u03b1 &amp; \u03a7\u03c1\u03ce\u03bc\u03b1\u03c4\u03b1","article_modified_time":"2024-01-15T09:56:13+00:00","og_image":[{"width":1920,"height":443,"url":"https:\/\/erlac.gr\/wp-content\/uploads\/2023\/06\/Untitled-1920-\u00d7-443-px.jpg","type":"image\/jpeg"}],"twitter_card":"summary_large_image","twitter_misc":{"\u041f\u0440\u043e\u0446\u0435\u045a\u0435\u043d\u043e \u0432\u0440\u0435\u043c\u0435 \u0447\u0438\u0442\u0430\u045a\u0430":"2 \u043c\u0438\u043d\u0443\u0442\u0430"},"schema":{"@context":"https:\/\/schema.org","@graph":[{"@type":"WebPage","@id":"https:\/\/erlac.gr\/sr\/sustainable-development\/","url":"https:\/\/erlac.gr\/sr\/sustainable-development\/","name":"Okru\u017eenje odr\u017eivog razvoja - \u0392\u03b5\u03c1\u03bd\u03af\u03ba\u03b9\u03b1 &amp; \u03a7\u03c1\u03ce\u03bc\u03b1\u03c4\u03b1","isPartOf":{"@id":"https:\/\/erlac.gr\/sr\/#website"},"primaryImageOfPage":{"@id":"https:\/\/erlac.gr\/sr\/sustainable-development\/#primaryimage"},"image":{"@id":"https:\/\/erlac.gr\/sr\/sustainable-development\/#primaryimage"},"thumbnailUrl":"https:\/\/erlac.gr\/wp-content\/uploads\/2023\/06\/Untitled-1920-\u00d7-443-px.jpg","datePublished":"2022-02-14T15:25:24+00:00","dateModified":"2024-01-15T09:56:13+00:00","breadcrumb":{"@id":"https:\/\/erlac.gr\/sr\/sustainable-development\/#breadcrumb"},"inLanguage":"sr-RS","potentialAction":[{"@type":"ReadAction","target":["https:\/\/erlac.gr\/sr\/sustainable-development\/"]}]},{"@type":"ImageObject","inLanguage":"sr-RS","@id":"https:\/\/erlac.gr\/sr\/sustainable-development\/#primaryimage","url":"https:\/\/erlac.gr\/wp-content\/uploads\/2023\/06\/Untitled-1920-\u00d7-443-px.jpg","contentUrl":"https:\/\/erlac.gr\/wp-content\/uploads\/2023\/06\/Untitled-1920-\u00d7-443-px.jpg","width":1920,"height":443},{"@type":"BreadcrumbList","@id":"https:\/\/erlac.gr\/sr\/sustainable-development\/#breadcrumb","itemListElement":[{"@type":"ListItem","position":1,"name":"PO\u010cETNA","item":"https:\/\/erlac.gr\/sr\/"},{"@type":"ListItem","position":2,"name":"Okru\u017eenje odr\u017eivog razvoja"}]},{"@type":"WebSite","@id":"https:\/\/erlac.gr\/sr\/#website","url":"https:\/\/erlac.gr\/sr\/","name":"\u0392\u03b5\u03c1\u03bd\u03af\u03ba\u03b9\u03b1 & \u03a7\u03c1\u03ce\u03bc\u03b1\u03c4\u03b1","description":"ER-LAC \u0393.\u0394 \u039a\u039f\u03a5\u03a4\u039b\u0397\u03a3 \u0391\u0392\u0395\u0395","publisher":{"@id":"https:\/\/erlac.gr\/sr\/#organization"},"potentialAction":[{"@type":"SearchAction","target":{"@type":"EntryPoint","urlTemplate":"https:\/\/erlac.gr\/sr\/?s={search_term_string}"},"query-input":{"@type":"PropertyValueSpecification","valueRequired":true,"valueName":"search_term_string"}}],"inLanguage":"sr-RS"},{"@type":"Organization","@id":"https:\/\/erlac.gr\/sr\/#organization","name":"\u0392\u03b5\u03c1\u03bd\u03af\u03ba\u03b9\u03b1 & \u03a7\u03c1\u03ce\u03bc\u03b1\u03c4\u03b1","url":"https:\/\/erlac.gr\/sr\/","logo":{"@type":"ImageObject","inLanguage":"sr-RS","@id":"https:\/\/erlac.gr\/sr\/#\/schema\/logo\/image\/","url":"https:\/\/erlac.gr\/wp-content\/uploads\/2022\/01\/logo@2x.png","contentUrl":"https:\/\/erlac.gr\/wp-content\/uploads\/2022\/01\/logo@2x.png","width":337,"height":176,"caption":"\u0392\u03b5\u03c1\u03bd\u03af\u03ba\u03b9\u03b1 & \u03a7\u03c1\u03ce\u03bc\u03b1\u03c4\u03b1"},"image":{"@id":"https:\/\/erlac.gr\/sr\/#\/schema\/logo\/image\/"}}]}},"_links":{"self":[{"href":"https:\/\/erlac.gr\/sr\/wp-json\/wp\/v2\/pages\/48653","targetHints":{"allow":["GET"]}}],"collection":[{"href":"https:\/\/erlac.gr\/sr\/wp-json\/wp\/v2\/pages"}],"about":[{"href":"https:\/\/erlac.gr\/sr\/wp-json\/wp\/v2\/types\/page"}],"author":[{"embeddable":true,"href":"https:\/\/erlac.gr\/sr\/wp-json\/wp\/v2\/users\/1"}],"replies":[{"embeddable":true,"href":"https:\/\/erlac.gr\/sr\/wp-json\/wp\/v2\/comments?post=48653"}],"version-history":[{"count":2,"href":"https:\/\/erlac.gr\/sr\/wp-json\/wp\/v2\/pages\/48653\/revisions"}],"predecessor-version":[{"id":48693,"href":"https:\/\/erlac.gr\/sr\/wp-json\/wp\/v2\/pages\/48653\/revisions\/48693"}],"wp:featuredmedia":[{"embeddable":true,"href":"https:\/\/erlac.gr\/sr\/wp-json\/wp\/v2\/media\/48567"}],"wp:attachment":[{"href":"https:\/\/erlac.gr\/sr\/wp-json\/wp\/v2\/media?parent=48653"}],"curies":[{"name":"wp","href":"https:\/\/api.w.org\/{rel}","templated":true}]}}