{"id":48651,"date":"2022-02-14T18:25:15","date_gmt":"2022-02-14T15:25:15","guid":{"rendered":"https:\/\/erlac.gr\/?page_id=48651"},"modified":"2024-01-15T12:50:52","modified_gmt":"2024-01-15T09:50:52","slug":"our-people","status":"publish","type":"page","link":"https:\/\/erlac.gr\/sr\/our-people\/","title":{"rendered":"Ljudski potencijal"},"content":{"rendered":"<h2><strong>Ljudski potencijal<\/strong><\/h2>\n<p>ER-LAC se fokusira na \u010doveka , jer su ljudski resursi najva\u017eniji kapital svakog poslovanja.<\/p>\n<p>Politika kompanije je da obezbedi potrebnu infrastrukturu, odgovaraju\u0107e uslove, neophodnu obuku i podsticaj za kreativan, kvalitetan i efikasan rad.<\/p>\n<p>Aktivna uloga svih zaposlenih je klju\u010dna komponenta za postizanje ciljeva firme . Iz tog razloga, poseban zna\u010daj pridaje se isticanju sposobnosti svakog zaposlenog i njihovom optimalnom kori\u0161\u0107enju kroz kontinuirano usavr\u0161avanje, pro\u0161irenje znanja i razvoj novih, korisnih sposobnosti za njih i za firmu .<\/p>\n<p>&nbsp;<\/p>\n<h2>Radna sredina<\/h2>\n<p>ER-LAC je usvojio osnovni princip da je zadovoljstvo zaposlenih \u2013 internih kupaca \u2013 osnovni uslov za zadovoljstvo eksternih kupaca, potro\u0161a\u010dke javnosti. Tako smo razvili procedure za stvaranje potrebnih uslova unutar kompanije kako bi \u017eelje zaposlenih bile u potpunosti zadovoljene.<\/p>\n<h2>Neki od na\u0161ih indikativnih praksi:<\/h2>\n<ul>\n<li>Moderan na\u010din upravljanja sa direktnom i otvorenom komunikacijom izme\u0111u zaposlenih u menad\u017ementu uz stalni \u00a0dijalog i u\u010de\u0161\u0107e zaposlenih u formulisanju odluka.<\/li>\n<li>Kontinuirana edukacija i obuka o dru\u0161tvenim, radnim, tehni\u010dkim, zdravstvenim, sigurnosnim i ekolo\u0161kim pitanjima.<\/li>\n<li>Kontinuirana evaluacija, nagra\u0111ivanje predloga i planiranje profesionalnog razvoja zaposlenih.<\/li>\n<li>Program medicinskog pra\u0107enja i prisustvo lekara koji radi sa odredjenim \u00a0radnim vremenom.<\/li>\n<\/ul>\n","protected":false},"excerpt":{"rendered":"<p>Ljudski potencijal ER-LAC se fokusira na \u010doveka , jer su ljudski resursi najva\u017eniji kapital svakog poslovanja. Politika kompanije je da obezbedi potrebnu infrastrukturu, odgovaraju\u0107e uslove, neophodnu obuku i podsticaj za kreativan, kvalitetan i efikasan rad. Aktivna uloga svih zaposlenih je klju\u010dna komponenta za postizanje ciljeva firme . Iz tog razloga, poseban zna\u010daj pridaje se isticanju [&hellip;]<\/p>\n","protected":false},"author":1,"featured_media":47775,"parent":0,"menu_order":0,"comment_status":"closed","ping_status":"closed","template":"","meta":{"_acf_changed":false,"footnotes":""},"class_list":["post-48651","page","type-page","status-publish","has-post-thumbnail","hentry"],"acf":[],"yoast_head":"<!-- This site is optimized with the Yoast SEO plugin v26.4 - https:\/\/yoast.com\/wordpress\/plugins\/seo\/ -->\n<title>Ljudski potencijal - \u0392\u03b5\u03c1\u03bd\u03af\u03ba\u03b9\u03b1 &amp; \u03a7\u03c1\u03ce\u03bc\u03b1\u03c4\u03b1<\/title>\n<meta name=\"robots\" content=\"index, follow, max-snippet:-1, max-image-preview:large, max-video-preview:-1\" \/>\n<link rel=\"canonical\" href=\"https:\/\/erlac.gr\/sr\/our-people\/\" \/>\n<meta property=\"og:locale\" content=\"sr_RS\" \/>\n<meta property=\"og:type\" content=\"article\" \/>\n<meta property=\"og:title\" content=\"Ljudski potencijal - \u0392\u03b5\u03c1\u03bd\u03af\u03ba\u03b9\u03b1 &amp; \u03a7\u03c1\u03ce\u03bc\u03b1\u03c4\u03b1\" \/>\n<meta property=\"og:description\" content=\"Ljudski potencijal ER-LAC se fokusira na \u010doveka , jer su ljudski resursi najva\u017eniji kapital svakog poslovanja. Politika kompanije je da obezbedi potrebnu infrastrukturu, odgovaraju\u0107e uslove, neophodnu obuku i podsticaj za kreativan, kvalitetan i efikasan rad. Aktivna uloga svih zaposlenih je klju\u010dna komponenta za postizanje ciljeva firme . Iz tog razloga, poseban zna\u010daj pridaje se isticanju [&hellip;]\" \/>\n<meta property=\"og:url\" content=\"https:\/\/erlac.gr\/sr\/our-people\/\" \/>\n<meta property=\"og:site_name\" content=\"\u0392\u03b5\u03c1\u03bd\u03af\u03ba\u03b9\u03b1 &amp; \u03a7\u03c1\u03ce\u03bc\u03b1\u03c4\u03b1\" \/>\n<meta property=\"article:modified_time\" content=\"2024-01-15T09:50:52+00:00\" \/>\n<meta property=\"og:image\" content=\"https:\/\/erlac.gr\/wp-content\/uploads\/2022\/03\/kariera_bg.jpg\" \/>\n\t<meta property=\"og:image:width\" content=\"1920\" \/>\n\t<meta property=\"og:image:height\" content=\"443\" \/>\n\t<meta property=\"og:image:type\" content=\"image\/jpeg\" \/>\n<meta name=\"twitter:card\" content=\"summary_large_image\" \/>\n<meta name=\"twitter:label1\" content=\"\u041f\u0440\u043e\u0446\u0435\u045a\u0435\u043d\u043e \u0432\u0440\u0435\u043c\u0435 \u0447\u0438\u0442\u0430\u045a\u0430\" \/>\n\t<meta name=\"twitter:data1\" content=\"2 \u043c\u0438\u043d\u0443\u0442\u0430\" \/>\n<script type=\"application\/ld+json\" class=\"yoast-schema-graph\">{\"@context\":\"https:\/\/schema.org\",\"@graph\":[{\"@type\":\"WebPage\",\"@id\":\"https:\/\/erlac.gr\/sr\/our-people\/\",\"url\":\"https:\/\/erlac.gr\/sr\/our-people\/\",\"name\":\"Ljudski potencijal - \u0392\u03b5\u03c1\u03bd\u03af\u03ba\u03b9\u03b1 &amp; \u03a7\u03c1\u03ce\u03bc\u03b1\u03c4\u03b1\",\"isPartOf\":{\"@id\":\"https:\/\/erlac.gr\/sr\/#website\"},\"primaryImageOfPage\":{\"@id\":\"https:\/\/erlac.gr\/sr\/our-people\/#primaryimage\"},\"image\":{\"@id\":\"https:\/\/erlac.gr\/sr\/our-people\/#primaryimage\"},\"thumbnailUrl\":\"https:\/\/erlac.gr\/wp-content\/uploads\/2022\/03\/kariera_bg.jpg\",\"datePublished\":\"2022-02-14T15:25:15+00:00\",\"dateModified\":\"2024-01-15T09:50:52+00:00\",\"breadcrumb\":{\"@id\":\"https:\/\/erlac.gr\/sr\/our-people\/#breadcrumb\"},\"inLanguage\":\"sr-RS\",\"potentialAction\":[{\"@type\":\"ReadAction\",\"target\":[\"https:\/\/erlac.gr\/sr\/our-people\/\"]}]},{\"@type\":\"ImageObject\",\"inLanguage\":\"sr-RS\",\"@id\":\"https:\/\/erlac.gr\/sr\/our-people\/#primaryimage\",\"url\":\"https:\/\/erlac.gr\/wp-content\/uploads\/2022\/03\/kariera_bg.jpg\",\"contentUrl\":\"https:\/\/erlac.gr\/wp-content\/uploads\/2022\/03\/kariera_bg.jpg\",\"width\":1920,\"height\":443},{\"@type\":\"BreadcrumbList\",\"@id\":\"https:\/\/erlac.gr\/sr\/our-people\/#breadcrumb\",\"itemListElement\":[{\"@type\":\"ListItem\",\"position\":1,\"name\":\"PO\u010cETNA\",\"item\":\"https:\/\/erlac.gr\/sr\/\"},{\"@type\":\"ListItem\",\"position\":2,\"name\":\"Ljudski potencijal\"}]},{\"@type\":\"WebSite\",\"@id\":\"https:\/\/erlac.gr\/sr\/#website\",\"url\":\"https:\/\/erlac.gr\/sr\/\",\"name\":\"\u0392\u03b5\u03c1\u03bd\u03af\u03ba\u03b9\u03b1 & \u03a7\u03c1\u03ce\u03bc\u03b1\u03c4\u03b1\",\"description\":\"ER-LAC \u0393.\u0394 \u039a\u039f\u03a5\u03a4\u039b\u0397\u03a3 \u0391\u0392\u0395\u0395\",\"publisher\":{\"@id\":\"https:\/\/erlac.gr\/sr\/#organization\"},\"potentialAction\":[{\"@type\":\"SearchAction\",\"target\":{\"@type\":\"EntryPoint\",\"urlTemplate\":\"https:\/\/erlac.gr\/sr\/?s={search_term_string}\"},\"query-input\":{\"@type\":\"PropertyValueSpecification\",\"valueRequired\":true,\"valueName\":\"search_term_string\"}}],\"inLanguage\":\"sr-RS\"},{\"@type\":\"Organization\",\"@id\":\"https:\/\/erlac.gr\/sr\/#organization\",\"name\":\"\u0392\u03b5\u03c1\u03bd\u03af\u03ba\u03b9\u03b1 & \u03a7\u03c1\u03ce\u03bc\u03b1\u03c4\u03b1\",\"url\":\"https:\/\/erlac.gr\/sr\/\",\"logo\":{\"@type\":\"ImageObject\",\"inLanguage\":\"sr-RS\",\"@id\":\"https:\/\/erlac.gr\/sr\/#\/schema\/logo\/image\/\",\"url\":\"https:\/\/erlac.gr\/wp-content\/uploads\/2022\/01\/logo@2x.png\",\"contentUrl\":\"https:\/\/erlac.gr\/wp-content\/uploads\/2022\/01\/logo@2x.png\",\"width\":337,\"height\":176,\"caption\":\"\u0392\u03b5\u03c1\u03bd\u03af\u03ba\u03b9\u03b1 & \u03a7\u03c1\u03ce\u03bc\u03b1\u03c4\u03b1\"},\"image\":{\"@id\":\"https:\/\/erlac.gr\/sr\/#\/schema\/logo\/image\/\"}}]}<\/script>\n<!-- \/ Yoast SEO plugin. -->","yoast_head_json":{"title":"Ljudski potencijal - \u0392\u03b5\u03c1\u03bd\u03af\u03ba\u03b9\u03b1 &amp; \u03a7\u03c1\u03ce\u03bc\u03b1\u03c4\u03b1","robots":{"index":"index","follow":"follow","max-snippet":"max-snippet:-1","max-image-preview":"max-image-preview:large","max-video-preview":"max-video-preview:-1"},"canonical":"https:\/\/erlac.gr\/sr\/our-people\/","og_locale":"sr_RS","og_type":"article","og_title":"Ljudski potencijal - \u0392\u03b5\u03c1\u03bd\u03af\u03ba\u03b9\u03b1 &amp; \u03a7\u03c1\u03ce\u03bc\u03b1\u03c4\u03b1","og_description":"Ljudski potencijal ER-LAC se fokusira na \u010doveka , jer su ljudski resursi najva\u017eniji kapital svakog poslovanja. Politika kompanije je da obezbedi potrebnu infrastrukturu, odgovaraju\u0107e uslove, neophodnu obuku i podsticaj za kreativan, kvalitetan i efikasan rad. Aktivna uloga svih zaposlenih je klju\u010dna komponenta za postizanje ciljeva firme . Iz tog razloga, poseban zna\u010daj pridaje se isticanju [&hellip;]","og_url":"https:\/\/erlac.gr\/sr\/our-people\/","og_site_name":"\u0392\u03b5\u03c1\u03bd\u03af\u03ba\u03b9\u03b1 &amp; \u03a7\u03c1\u03ce\u03bc\u03b1\u03c4\u03b1","article_modified_time":"2024-01-15T09:50:52+00:00","og_image":[{"width":1920,"height":443,"url":"https:\/\/erlac.gr\/wp-content\/uploads\/2022\/03\/kariera_bg.jpg","type":"image\/jpeg"}],"twitter_card":"summary_large_image","twitter_misc":{"\u041f\u0440\u043e\u0446\u0435\u045a\u0435\u043d\u043e \u0432\u0440\u0435\u043c\u0435 \u0447\u0438\u0442\u0430\u045a\u0430":"2 \u043c\u0438\u043d\u0443\u0442\u0430"},"schema":{"@context":"https:\/\/schema.org","@graph":[{"@type":"WebPage","@id":"https:\/\/erlac.gr\/sr\/our-people\/","url":"https:\/\/erlac.gr\/sr\/our-people\/","name":"Ljudski potencijal - \u0392\u03b5\u03c1\u03bd\u03af\u03ba\u03b9\u03b1 &amp; \u03a7\u03c1\u03ce\u03bc\u03b1\u03c4\u03b1","isPartOf":{"@id":"https:\/\/erlac.gr\/sr\/#website"},"primaryImageOfPage":{"@id":"https:\/\/erlac.gr\/sr\/our-people\/#primaryimage"},"image":{"@id":"https:\/\/erlac.gr\/sr\/our-people\/#primaryimage"},"thumbnailUrl":"https:\/\/erlac.gr\/wp-content\/uploads\/2022\/03\/kariera_bg.jpg","datePublished":"2022-02-14T15:25:15+00:00","dateModified":"2024-01-15T09:50:52+00:00","breadcrumb":{"@id":"https:\/\/erlac.gr\/sr\/our-people\/#breadcrumb"},"inLanguage":"sr-RS","potentialAction":[{"@type":"ReadAction","target":["https:\/\/erlac.gr\/sr\/our-people\/"]}]},{"@type":"ImageObject","inLanguage":"sr-RS","@id":"https:\/\/erlac.gr\/sr\/our-people\/#primaryimage","url":"https:\/\/erlac.gr\/wp-content\/uploads\/2022\/03\/kariera_bg.jpg","contentUrl":"https:\/\/erlac.gr\/wp-content\/uploads\/2022\/03\/kariera_bg.jpg","width":1920,"height":443},{"@type":"BreadcrumbList","@id":"https:\/\/erlac.gr\/sr\/our-people\/#breadcrumb","itemListElement":[{"@type":"ListItem","position":1,"name":"PO\u010cETNA","item":"https:\/\/erlac.gr\/sr\/"},{"@type":"ListItem","position":2,"name":"Ljudski potencijal"}]},{"@type":"WebSite","@id":"https:\/\/erlac.gr\/sr\/#website","url":"https:\/\/erlac.gr\/sr\/","name":"\u0392\u03b5\u03c1\u03bd\u03af\u03ba\u03b9\u03b1 & \u03a7\u03c1\u03ce\u03bc\u03b1\u03c4\u03b1","description":"ER-LAC \u0393.\u0394 \u039a\u039f\u03a5\u03a4\u039b\u0397\u03a3 \u0391\u0392\u0395\u0395","publisher":{"@id":"https:\/\/erlac.gr\/sr\/#organization"},"potentialAction":[{"@type":"SearchAction","target":{"@type":"EntryPoint","urlTemplate":"https:\/\/erlac.gr\/sr\/?s={search_term_string}"},"query-input":{"@type":"PropertyValueSpecification","valueRequired":true,"valueName":"search_term_string"}}],"inLanguage":"sr-RS"},{"@type":"Organization","@id":"https:\/\/erlac.gr\/sr\/#organization","name":"\u0392\u03b5\u03c1\u03bd\u03af\u03ba\u03b9\u03b1 & \u03a7\u03c1\u03ce\u03bc\u03b1\u03c4\u03b1","url":"https:\/\/erlac.gr\/sr\/","logo":{"@type":"ImageObject","inLanguage":"sr-RS","@id":"https:\/\/erlac.gr\/sr\/#\/schema\/logo\/image\/","url":"https:\/\/erlac.gr\/wp-content\/uploads\/2022\/01\/logo@2x.png","contentUrl":"https:\/\/erlac.gr\/wp-content\/uploads\/2022\/01\/logo@2x.png","width":337,"height":176,"caption":"\u0392\u03b5\u03c1\u03bd\u03af\u03ba\u03b9\u03b1 & \u03a7\u03c1\u03ce\u03bc\u03b1\u03c4\u03b1"},"image":{"@id":"https:\/\/erlac.gr\/sr\/#\/schema\/logo\/image\/"}}]}},"_links":{"self":[{"href":"https:\/\/erlac.gr\/sr\/wp-json\/wp\/v2\/pages\/48651","targetHints":{"allow":["GET"]}}],"collection":[{"href":"https:\/\/erlac.gr\/sr\/wp-json\/wp\/v2\/pages"}],"about":[{"href":"https:\/\/erlac.gr\/sr\/wp-json\/wp\/v2\/types\/page"}],"author":[{"embeddable":true,"href":"https:\/\/erlac.gr\/sr\/wp-json\/wp\/v2\/users\/1"}],"replies":[{"embeddable":true,"href":"https:\/\/erlac.gr\/sr\/wp-json\/wp\/v2\/comments?post=48651"}],"version-history":[{"count":2,"href":"https:\/\/erlac.gr\/sr\/wp-json\/wp\/v2\/pages\/48651\/revisions"}],"predecessor-version":[{"id":48692,"href":"https:\/\/erlac.gr\/sr\/wp-json\/wp\/v2\/pages\/48651\/revisions\/48692"}],"wp:featuredmedia":[{"embeddable":true,"href":"https:\/\/erlac.gr\/sr\/wp-json\/wp\/v2\/media\/47775"}],"wp:attachment":[{"href":"https:\/\/erlac.gr\/sr\/wp-json\/wp\/v2\/media?parent=48651"}],"curies":[{"name":"wp","href":"https:\/\/api.w.org\/{rel}","templated":true}]}}