{"id":48647,"date":"2022-02-14T18:24:16","date_gmt":"2022-02-14T15:24:16","guid":{"rendered":"https:\/\/erlac.gr\/?page_id=48647"},"modified":"2024-11-25T18:15:47","modified_gmt":"2024-11-25T15:15:47","slug":"certifications","status":"publish","type":"page","link":"https:\/\/erlac.gr\/sr\/certifications\/","title":{"rendered":"Sistem kvaliteta"},"content":{"rendered":"<p><strong>ER-LAC<\/strong> proizvodi proizvode koji imaju posebne proizvodne zahteve, a samim tim i pove\u0107ane zahteve za kvalitetom. Iz tog razloga fabrika \u00a0implementira <strong>Sistem Upravljanja Kvalitetom<\/strong> u skladu sa zahtevima Me\u0111unarodnog standarda kvaliteta <strong>ISO 9001:2008<\/strong>, koji pokriva sve njene aktivnosti od dizajna preko proizvodnje do distribucije proizvoda. <strong>Osnovni cilj ER-LAC-a je potpuno zadovoljstvo na\u0161ih partnera, profesionalaca i svih koji koriste na\u0161e proizvode.<\/strong><\/p>\n<p>Da bismo ispunili ovaj cilj, na\u0161i proizvodi imaju visok i stabilan kvalitet, konkretne standarde prema me\u0111unarodnim uzorima , lako se primenjuju, osiguravaju odli\u010dan rezultat i odr\u017eavaju svoja svojstva dugi niz godina.<\/p>\n<p>ER-LAC je, suprotno tradicionalnom i prevazi\u0111enom mentalitetu, razvio i nametnuo nove, moderne i sa velikim prednostima na\u010dine prodaje proizvoda. To je prva fabrika boja koja je razvila i promovisala sisteme proizvodnje nijansi boja na gr\u010dkom tr\u017ei\u0161tu, zbog \u010dega danas poseduje najsavremenije, pouzdane i najekonomi\u010dnije sisteme za proizvodnju nijansi, sa najve\u0107im brojem ma\u0161ina instaliranih u trgovinama.<\/p>\n<p>Uprava \u00a0i zaposleni veruju u principe kvaliteta, dosledno primjenuju svoj Sistem upravljanja i vode ra\u010duna o njegovom kontinuiranom unapre\u0111enju, biraju\u0107i i defini\u0161u\u0107i pokazatelje uspe\u0161nosti aktivnosti i prate\u0107i ove pokazatelje u vremenskim intervalima koje odre\u0111uje Komisija za kvalitet.<\/p>\n<p>Uprava \u00a0se obavezuje da \u0107e osigurati da postoje neophodna sredstva (proizvodne ma\u0161ine i instrumenti za kontrolu kvaliteta najnovije tehnologije) za pravilno funkcionisanje sistema kvaliteta, pri \u010demu poseban naglasak stavlja na obuku svog osoblja.<\/p>\n<p>Uprava fabrike\u00a0 postavlja ciljeve u pogledu kvaliteta. Ovi ciljevi se prate i obnavljaju tako da se Sistem upravljanja kvalitetom stalno\u00a0 unapre\u0111uje.<\/p>\n<p>Sistem se prati i a\u017eurira po potrebi kako bi stalno\u00a0 zadovoljavao potrebe fabrike .<\/p>\n<p>Pogledajte sertifikat<\/p>\n\n","protected":false},"excerpt":{"rendered":"<p>ER-LAC proizvodi proizvode koji imaju posebne proizvodne zahteve, a samim tim i pove\u0107ane zahteve za kvalitetom. Iz tog razloga fabrika \u00a0implementira Sistem Upravljanja Kvalitetom u skladu sa zahtevima Me\u0111unarodnog standarda kvaliteta ISO 9001:2008, koji pokriva sve njene aktivnosti od dizajna preko proizvodnje do distribucije proizvoda. Osnovni cilj ER-LAC-a je potpuno zadovoljstvo na\u0161ih partnera, profesionalaca i [&hellip;]<\/p>\n","protected":false},"author":1,"featured_media":47767,"parent":0,"menu_order":0,"comment_status":"closed","ping_status":"closed","template":"","meta":{"_acf_changed":false,"footnotes":""},"class_list":["post-48647","page","type-page","status-publish","has-post-thumbnail","hentry"],"acf":[],"yoast_head":"<!-- This site is optimized with the Yoast SEO plugin v26.4 - https:\/\/yoast.com\/wordpress\/plugins\/seo\/ -->\n<title>Sistem kvaliteta - \u0392\u03b5\u03c1\u03bd\u03af\u03ba\u03b9\u03b1 &amp; \u03a7\u03c1\u03ce\u03bc\u03b1\u03c4\u03b1<\/title>\n<meta name=\"robots\" content=\"index, follow, max-snippet:-1, max-image-preview:large, max-video-preview:-1\" \/>\n<link rel=\"canonical\" href=\"https:\/\/erlac.gr\/sr\/certifications\/\" \/>\n<meta property=\"og:locale\" content=\"sr_RS\" \/>\n<meta property=\"og:type\" content=\"article\" \/>\n<meta property=\"og:title\" content=\"Sistem kvaliteta - \u0392\u03b5\u03c1\u03bd\u03af\u03ba\u03b9\u03b1 &amp; \u03a7\u03c1\u03ce\u03bc\u03b1\u03c4\u03b1\" \/>\n<meta property=\"og:description\" content=\"ER-LAC proizvodi proizvode koji imaju posebne proizvodne zahteve, a samim tim i pove\u0107ane zahteve za kvalitetom. Iz tog razloga fabrika \u00a0implementira Sistem Upravljanja Kvalitetom u skladu sa zahtevima Me\u0111unarodnog standarda kvaliteta ISO 9001:2008, koji pokriva sve njene aktivnosti od dizajna preko proizvodnje do distribucije proizvoda. Osnovni cilj ER-LAC-a je potpuno zadovoljstvo na\u0161ih partnera, profesionalaca i [&hellip;]\" \/>\n<meta property=\"og:url\" content=\"https:\/\/erlac.gr\/sr\/certifications\/\" \/>\n<meta property=\"og:site_name\" content=\"\u0392\u03b5\u03c1\u03bd\u03af\u03ba\u03b9\u03b1 &amp; \u03a7\u03c1\u03ce\u03bc\u03b1\u03c4\u03b1\" \/>\n<meta property=\"article:modified_time\" content=\"2024-11-25T15:15:47+00:00\" \/>\n<meta property=\"og:image\" content=\"https:\/\/erlac.gr\/wp-content\/uploads\/2022\/03\/pistopoihseis_banner.jpg\" \/>\n\t<meta property=\"og:image:width\" content=\"1920\" \/>\n\t<meta property=\"og:image:height\" content=\"443\" \/>\n\t<meta property=\"og:image:type\" content=\"image\/jpeg\" \/>\n<meta name=\"twitter:card\" content=\"summary_large_image\" \/>\n<meta name=\"twitter:label1\" content=\"\u041f\u0440\u043e\u0446\u0435\u045a\u0435\u043d\u043e \u0432\u0440\u0435\u043c\u0435 \u0447\u0438\u0442\u0430\u045a\u0430\" \/>\n\t<meta name=\"twitter:data1\" content=\"2 \u043c\u0438\u043d\u0443\u0442\u0430\" \/>\n<script type=\"application\/ld+json\" class=\"yoast-schema-graph\">{\"@context\":\"https:\/\/schema.org\",\"@graph\":[{\"@type\":\"WebPage\",\"@id\":\"https:\/\/erlac.gr\/sr\/certifications\/\",\"url\":\"https:\/\/erlac.gr\/sr\/certifications\/\",\"name\":\"Sistem kvaliteta - \u0392\u03b5\u03c1\u03bd\u03af\u03ba\u03b9\u03b1 &amp; \u03a7\u03c1\u03ce\u03bc\u03b1\u03c4\u03b1\",\"isPartOf\":{\"@id\":\"https:\/\/erlac.gr\/sr\/#website\"},\"primaryImageOfPage\":{\"@id\":\"https:\/\/erlac.gr\/sr\/certifications\/#primaryimage\"},\"image\":{\"@id\":\"https:\/\/erlac.gr\/sr\/certifications\/#primaryimage\"},\"thumbnailUrl\":\"https:\/\/erlac.gr\/wp-content\/uploads\/2022\/03\/pistopoihseis_banner.jpg\",\"datePublished\":\"2022-02-14T15:24:16+00:00\",\"dateModified\":\"2024-11-25T15:15:47+00:00\",\"breadcrumb\":{\"@id\":\"https:\/\/erlac.gr\/sr\/certifications\/#breadcrumb\"},\"inLanguage\":\"sr-RS\",\"potentialAction\":[{\"@type\":\"ReadAction\",\"target\":[\"https:\/\/erlac.gr\/sr\/certifications\/\"]}]},{\"@type\":\"ImageObject\",\"inLanguage\":\"sr-RS\",\"@id\":\"https:\/\/erlac.gr\/sr\/certifications\/#primaryimage\",\"url\":\"https:\/\/erlac.gr\/wp-content\/uploads\/2022\/03\/pistopoihseis_banner.jpg\",\"contentUrl\":\"https:\/\/erlac.gr\/wp-content\/uploads\/2022\/03\/pistopoihseis_banner.jpg\",\"width\":1920,\"height\":443},{\"@type\":\"BreadcrumbList\",\"@id\":\"https:\/\/erlac.gr\/sr\/certifications\/#breadcrumb\",\"itemListElement\":[{\"@type\":\"ListItem\",\"position\":1,\"name\":\"PO\u010cETNA\",\"item\":\"https:\/\/erlac.gr\/sr\/\"},{\"@type\":\"ListItem\",\"position\":2,\"name\":\"Sistem kvaliteta\"}]},{\"@type\":\"WebSite\",\"@id\":\"https:\/\/erlac.gr\/sr\/#website\",\"url\":\"https:\/\/erlac.gr\/sr\/\",\"name\":\"\u0392\u03b5\u03c1\u03bd\u03af\u03ba\u03b9\u03b1 & \u03a7\u03c1\u03ce\u03bc\u03b1\u03c4\u03b1\",\"description\":\"ER-LAC \u0393.\u0394 \u039a\u039f\u03a5\u03a4\u039b\u0397\u03a3 \u0391\u0392\u0395\u0395\",\"publisher\":{\"@id\":\"https:\/\/erlac.gr\/sr\/#organization\"},\"potentialAction\":[{\"@type\":\"SearchAction\",\"target\":{\"@type\":\"EntryPoint\",\"urlTemplate\":\"https:\/\/erlac.gr\/sr\/?s={search_term_string}\"},\"query-input\":{\"@type\":\"PropertyValueSpecification\",\"valueRequired\":true,\"valueName\":\"search_term_string\"}}],\"inLanguage\":\"sr-RS\"},{\"@type\":\"Organization\",\"@id\":\"https:\/\/erlac.gr\/sr\/#organization\",\"name\":\"\u0392\u03b5\u03c1\u03bd\u03af\u03ba\u03b9\u03b1 & \u03a7\u03c1\u03ce\u03bc\u03b1\u03c4\u03b1\",\"url\":\"https:\/\/erlac.gr\/sr\/\",\"logo\":{\"@type\":\"ImageObject\",\"inLanguage\":\"sr-RS\",\"@id\":\"https:\/\/erlac.gr\/sr\/#\/schema\/logo\/image\/\",\"url\":\"https:\/\/erlac.gr\/wp-content\/uploads\/2022\/01\/logo@2x.png\",\"contentUrl\":\"https:\/\/erlac.gr\/wp-content\/uploads\/2022\/01\/logo@2x.png\",\"width\":337,\"height\":176,\"caption\":\"\u0392\u03b5\u03c1\u03bd\u03af\u03ba\u03b9\u03b1 & \u03a7\u03c1\u03ce\u03bc\u03b1\u03c4\u03b1\"},\"image\":{\"@id\":\"https:\/\/erlac.gr\/sr\/#\/schema\/logo\/image\/\"}}]}<\/script>\n<!-- \/ Yoast SEO plugin. -->","yoast_head_json":{"title":"Sistem kvaliteta - \u0392\u03b5\u03c1\u03bd\u03af\u03ba\u03b9\u03b1 &amp; \u03a7\u03c1\u03ce\u03bc\u03b1\u03c4\u03b1","robots":{"index":"index","follow":"follow","max-snippet":"max-snippet:-1","max-image-preview":"max-image-preview:large","max-video-preview":"max-video-preview:-1"},"canonical":"https:\/\/erlac.gr\/sr\/certifications\/","og_locale":"sr_RS","og_type":"article","og_title":"Sistem kvaliteta - \u0392\u03b5\u03c1\u03bd\u03af\u03ba\u03b9\u03b1 &amp; \u03a7\u03c1\u03ce\u03bc\u03b1\u03c4\u03b1","og_description":"ER-LAC proizvodi proizvode koji imaju posebne proizvodne zahteve, a samim tim i pove\u0107ane zahteve za kvalitetom. Iz tog razloga fabrika \u00a0implementira Sistem Upravljanja Kvalitetom u skladu sa zahtevima Me\u0111unarodnog standarda kvaliteta ISO 9001:2008, koji pokriva sve njene aktivnosti od dizajna preko proizvodnje do distribucije proizvoda. Osnovni cilj ER-LAC-a je potpuno zadovoljstvo na\u0161ih partnera, profesionalaca i [&hellip;]","og_url":"https:\/\/erlac.gr\/sr\/certifications\/","og_site_name":"\u0392\u03b5\u03c1\u03bd\u03af\u03ba\u03b9\u03b1 &amp; \u03a7\u03c1\u03ce\u03bc\u03b1\u03c4\u03b1","article_modified_time":"2024-11-25T15:15:47+00:00","og_image":[{"width":1920,"height":443,"url":"https:\/\/erlac.gr\/wp-content\/uploads\/2022\/03\/pistopoihseis_banner.jpg","type":"image\/jpeg"}],"twitter_card":"summary_large_image","twitter_misc":{"\u041f\u0440\u043e\u0446\u0435\u045a\u0435\u043d\u043e \u0432\u0440\u0435\u043c\u0435 \u0447\u0438\u0442\u0430\u045a\u0430":"2 \u043c\u0438\u043d\u0443\u0442\u0430"},"schema":{"@context":"https:\/\/schema.org","@graph":[{"@type":"WebPage","@id":"https:\/\/erlac.gr\/sr\/certifications\/","url":"https:\/\/erlac.gr\/sr\/certifications\/","name":"Sistem kvaliteta - \u0392\u03b5\u03c1\u03bd\u03af\u03ba\u03b9\u03b1 &amp; \u03a7\u03c1\u03ce\u03bc\u03b1\u03c4\u03b1","isPartOf":{"@id":"https:\/\/erlac.gr\/sr\/#website"},"primaryImageOfPage":{"@id":"https:\/\/erlac.gr\/sr\/certifications\/#primaryimage"},"image":{"@id":"https:\/\/erlac.gr\/sr\/certifications\/#primaryimage"},"thumbnailUrl":"https:\/\/erlac.gr\/wp-content\/uploads\/2022\/03\/pistopoihseis_banner.jpg","datePublished":"2022-02-14T15:24:16+00:00","dateModified":"2024-11-25T15:15:47+00:00","breadcrumb":{"@id":"https:\/\/erlac.gr\/sr\/certifications\/#breadcrumb"},"inLanguage":"sr-RS","potentialAction":[{"@type":"ReadAction","target":["https:\/\/erlac.gr\/sr\/certifications\/"]}]},{"@type":"ImageObject","inLanguage":"sr-RS","@id":"https:\/\/erlac.gr\/sr\/certifications\/#primaryimage","url":"https:\/\/erlac.gr\/wp-content\/uploads\/2022\/03\/pistopoihseis_banner.jpg","contentUrl":"https:\/\/erlac.gr\/wp-content\/uploads\/2022\/03\/pistopoihseis_banner.jpg","width":1920,"height":443},{"@type":"BreadcrumbList","@id":"https:\/\/erlac.gr\/sr\/certifications\/#breadcrumb","itemListElement":[{"@type":"ListItem","position":1,"name":"PO\u010cETNA","item":"https:\/\/erlac.gr\/sr\/"},{"@type":"ListItem","position":2,"name":"Sistem kvaliteta"}]},{"@type":"WebSite","@id":"https:\/\/erlac.gr\/sr\/#website","url":"https:\/\/erlac.gr\/sr\/","name":"\u0392\u03b5\u03c1\u03bd\u03af\u03ba\u03b9\u03b1 & \u03a7\u03c1\u03ce\u03bc\u03b1\u03c4\u03b1","description":"ER-LAC \u0393.\u0394 \u039a\u039f\u03a5\u03a4\u039b\u0397\u03a3 \u0391\u0392\u0395\u0395","publisher":{"@id":"https:\/\/erlac.gr\/sr\/#organization"},"potentialAction":[{"@type":"SearchAction","target":{"@type":"EntryPoint","urlTemplate":"https:\/\/erlac.gr\/sr\/?s={search_term_string}"},"query-input":{"@type":"PropertyValueSpecification","valueRequired":true,"valueName":"search_term_string"}}],"inLanguage":"sr-RS"},{"@type":"Organization","@id":"https:\/\/erlac.gr\/sr\/#organization","name":"\u0392\u03b5\u03c1\u03bd\u03af\u03ba\u03b9\u03b1 & \u03a7\u03c1\u03ce\u03bc\u03b1\u03c4\u03b1","url":"https:\/\/erlac.gr\/sr\/","logo":{"@type":"ImageObject","inLanguage":"sr-RS","@id":"https:\/\/erlac.gr\/sr\/#\/schema\/logo\/image\/","url":"https:\/\/erlac.gr\/wp-content\/uploads\/2022\/01\/logo@2x.png","contentUrl":"https:\/\/erlac.gr\/wp-content\/uploads\/2022\/01\/logo@2x.png","width":337,"height":176,"caption":"\u0392\u03b5\u03c1\u03bd\u03af\u03ba\u03b9\u03b1 & \u03a7\u03c1\u03ce\u03bc\u03b1\u03c4\u03b1"},"image":{"@id":"https:\/\/erlac.gr\/sr\/#\/schema\/logo\/image\/"}}]}},"_links":{"self":[{"href":"https:\/\/erlac.gr\/sr\/wp-json\/wp\/v2\/pages\/48647","targetHints":{"allow":["GET"]}}],"collection":[{"href":"https:\/\/erlac.gr\/sr\/wp-json\/wp\/v2\/pages"}],"about":[{"href":"https:\/\/erlac.gr\/sr\/wp-json\/wp\/v2\/types\/page"}],"author":[{"embeddable":true,"href":"https:\/\/erlac.gr\/sr\/wp-json\/wp\/v2\/users\/1"}],"replies":[{"embeddable":true,"href":"https:\/\/erlac.gr\/sr\/wp-json\/wp\/v2\/comments?post=48647"}],"version-history":[{"count":3,"href":"https:\/\/erlac.gr\/sr\/wp-json\/wp\/v2\/pages\/48647\/revisions"}],"predecessor-version":[{"id":49046,"href":"https:\/\/erlac.gr\/sr\/wp-json\/wp\/v2\/pages\/48647\/revisions\/49046"}],"wp:featuredmedia":[{"embeddable":true,"href":"https:\/\/erlac.gr\/sr\/wp-json\/wp\/v2\/media\/47767"}],"wp:attachment":[{"href":"https:\/\/erlac.gr\/sr\/wp-json\/wp\/v2\/media?parent=48647"}],"curies":[{"name":"wp","href":"https:\/\/api.w.org\/{rel}","templated":true}]}}